{"id":1831,"date":"2024-07-31T11:09:08","date_gmt":"2024-07-31T09:09:08","guid":{"rendered":"https:\/\/languearabebordeaux.fr\/?page_id=1831"},"modified":"2024-07-31T11:46:08","modified_gmt":"2024-07-31T09:46:08","slug":"mentions-legales","status":"publish","type":"page","link":"https:\/\/languearabebordeaux.fr\/en\/legal-notices\/","title":{"rendered":"Legal Notice"},"content":{"rendered":"<h2 class=\"wp-block-heading\" id=\"1-pr-sentation-du-site\">1. Presentation of the website<\/h2>\n\n\n\n<p>The site languearabebordeaux.fr is a platform dedicated to learning the Arabic language and translation services. It is published by Langue Arabe Bordeaux.<\/p>\n\n\n\n<h2 class=\"wp-block-heading\" id=\"2-diteur-et-responsable-de-la-publication\">2. Editor and publication manager<\/h2>\n\n\n\n<p>Langue Arabe Bordeaux<br>4 Rue des Douves, 33800 Bordeaux<\/p>\n\n\n\n<h3 class=\"wp-block-heading\" id=\"3-h-bergement\">3. Accommodation<\/h3>\n\n\n\n<p>The languearabebordeaux.fr site is hosted by:<\/p>\n\n\n\n<p>IONOS SARL<br>7 Place de la Gare<br>57200 Sarreguemines<br>France<\/p>\n\n\n\n<h3 class=\"wp-block-heading\" id=\"4-propri-t-intellectuelle\">4. Intellectual property<\/h3>\n\n\n\n<p>All content present on the languearabebordeaux.fr site (texts, images, videos, etc.) is the exclusive property of Langue Arabe Bordeaux. Any reproduction, representation, modification, publication, transmission, distortion, total or partial, of the site or its content, by any process whatsoever, and on any medium whatsoever is prohibited without the express prior authorization of Langue Arabe Bordeaux .<\/p>\n\n\n\n<h3 class=\"wp-block-heading\" id=\"5-donn-es-personnelles\">5. Personal data<\/h3>\n\n\n\n<p>No personal information is collected without your knowledge. No personal information is disclosed to third parties. Langue Arabe Bordeaux does not use cookies to track user data on the languearabebordeaux.fr site.<\/p>\n\n\n\n<p>In accordance with the Data Protection Act of January 6, 1978, you have the right to access, rectify and delete personal data concerning you. To exercise this right, contact Langue Arabe Bordeaux at the address indicated above.<\/p>\n\n\n\n<h3 class=\"wp-block-heading\" id=\"6-liens-hypertextes\">6. Hyperlinks<\/h3>\n\n\n\n<p>The creation of hypertext links to the languearabebordeaux.fr site is subject to the prior agreement of Langue Arabe Bordeaux.<\/p>\n\n\n\n<p>Langue Arabe Bordeaux declines all responsibility concerning the content of sites to which hypertext links on the languearabebordeaux.fr site point.<\/p>\n\n\n\n<h3 class=\"wp-block-heading\" id=\"7-contact\">7. Contact<\/h3>\n\n\n\n<p>For any questions relating to the site or this legal notice, you can contact us at the following address: languearabebx@gmail.com<\/p>","protected":false},"excerpt":{"rendered":"<p>1. Presentation of the site The languearabebordeaux.fr site is a platform dedicated to learning the Arabic language and translation services. It is published by Langue Arabe Bordeaux. 2. Publisher and publication manager Langue Arabe Bordeaux4 Rue des Douves, 33800 Bordeaux 3. Hosting The languearabebordeaux.fr site is hosted by: IONOS SARL7\u2026<\/p>","protected":false},"author":1,"featured_media":1722,"parent":0,"menu_order":1,"comment_status":"closed","ping_status":"closed","template":"","meta":{"_kad_blocks_custom_css":"","_kad_blocks_head_custom_js":"","_kad_blocks_body_custom_js":"","_kad_blocks_footer_custom_js":"","_kadence_starter_templates_imported_post":false,"_kad_post_transparent":"","_kad_post_title":"show","_kad_post_layout":"narrow","_kad_post_sidebar_id":"","_kad_post_content_style":"","_kad_post_vertical_padding":"","_kad_post_feature":"","_kad_post_feature_position":"","_kad_post_header":false,"_kad_post_footer":false,"_kad_post_classname":"","footnotes":""},"class_list":["post-1831","page","type-page","status-publish","has-post-thumbnail","hentry"],"yoast_head":"<!-- This site is optimized with the Yoast SEO plugin v27.5 - https:\/\/yoast.com\/product\/yoast-seo-wordpress\/ -->\n<title>Mentions L\u00e9gales - Langue Arabe Bordeaux<\/title>\n<meta name=\"robots\" content=\"noindex, follow\" \/>\n<meta property=\"og:locale\" content=\"en_GB\" \/>\n<meta property=\"og:type\" content=\"article\" \/>\n<meta property=\"og:title\" content=\"Mentions L\u00e9gales - Langue Arabe Bordeaux\" \/>\n<meta property=\"og:description\" content=\"1. Pr\u00e9sentation du site Le site languearabebordeaux.fr est une plateforme d\u00e9di\u00e9e \u00e0 l&rsquo;apprentissage de la langue arabe et aux services de traduction. Il est \u00e9dit\u00e9 par Langue Arabe Bordeaux. 2. \u00c9diteur et responsable de la publication Langue Arabe Bordeaux4 Rue des Douves, 33800 Bordeaux 3. H\u00e9bergement Le site languearabebordeaux.fr est h\u00e9berg\u00e9 par : IONOS SARL7...\" \/>\n<meta property=\"og:url\" content=\"https:\/\/languearabebordeaux.fr\/en\/legal-notices\/\" \/>\n<meta property=\"og:site_name\" content=\"Langue Arabe Bordeaux\" \/>\n<meta property=\"article:modified_time\" content=\"2024-07-31T09:46:08+00:00\" \/>\n<meta property=\"og:image\" content=\"https:\/\/languearabebordeaux.fr\/wp-content\/uploads\/2024\/07\/gold-quill-pen-372748-scaled.jpg\" \/>\n\t<meta property=\"og:image:width\" content=\"2560\" \/>\n\t<meta property=\"og:image:height\" content=\"1920\" \/>\n\t<meta property=\"og:image:type\" content=\"image\/jpeg\" \/>\n<meta name=\"twitter:card\" content=\"summary_large_image\" \/>\n<meta name=\"twitter:label1\" content=\"Estimated reading time\" \/>\n\t<meta name=\"twitter:data1\" content=\"2 minutes\" \/>\n<script type=\"application\/ld+json\" class=\"yoast-schema-graph\">{\"@context\":\"https:\\\/\\\/schema.org\",\"@graph\":[{\"@type\":\"WebPage\",\"@id\":\"https:\\\/\\\/languearabebordeaux.fr\\\/mentions-legales\\\/\",\"url\":\"https:\\\/\\\/languearabebordeaux.fr\\\/mentions-legales\\\/\",\"name\":\"Mentions L\u00e9gales - Langue Arabe Bordeaux\",\"isPartOf\":{\"@id\":\"https:\\\/\\\/languearabebordeaux.fr\\\/#website\"},\"primaryImageOfPage\":{\"@id\":\"https:\\\/\\\/languearabebordeaux.fr\\\/mentions-legales\\\/#primaryimage\"},\"image\":{\"@id\":\"https:\\\/\\\/languearabebordeaux.fr\\\/mentions-legales\\\/#primaryimage\"},\"thumbnailUrl\":\"https:\\\/\\\/languearabebordeaux.fr\\\/wp-content\\\/uploads\\\/2024\\\/07\\\/gold-quill-pen-372748-scaled.jpg\",\"datePublished\":\"2024-07-31T09:09:08+00:00\",\"dateModified\":\"2024-07-31T09:46:08+00:00\",\"breadcrumb\":{\"@id\":\"https:\\\/\\\/languearabebordeaux.fr\\\/mentions-legales\\\/#breadcrumb\"},\"inLanguage\":\"en-GB\",\"potentialAction\":[{\"@type\":\"ReadAction\",\"target\":[\"https:\\\/\\\/languearabebordeaux.fr\\\/mentions-legales\\\/\"]}]},{\"@type\":\"ImageObject\",\"inLanguage\":\"en-GB\",\"@id\":\"https:\\\/\\\/languearabebordeaux.fr\\\/mentions-legales\\\/#primaryimage\",\"url\":\"https:\\\/\\\/languearabebordeaux.fr\\\/wp-content\\\/uploads\\\/2024\\\/07\\\/gold-quill-pen-372748-scaled.jpg\",\"contentUrl\":\"https:\\\/\\\/languearabebordeaux.fr\\\/wp-content\\\/uploads\\\/2024\\\/07\\\/gold-quill-pen-372748-scaled.jpg\",\"width\":2560,\"height\":1920,\"caption\":\"Gold Quill Pen\"},{\"@type\":\"BreadcrumbList\",\"@id\":\"https:\\\/\\\/languearabebordeaux.fr\\\/mentions-legales\\\/#breadcrumb\",\"itemListElement\":[{\"@type\":\"ListItem\",\"position\":1,\"name\":\"Accueil\",\"item\":\"https:\\\/\\\/languearabebordeaux.fr\\\/\"},{\"@type\":\"ListItem\",\"position\":2,\"name\":\"Mentions L\u00e9gales\"}]},{\"@type\":\"WebSite\",\"@id\":\"https:\\\/\\\/languearabebordeaux.fr\\\/#website\",\"url\":\"https:\\\/\\\/languearabebordeaux.fr\\\/\",\"name\":\"Langue Arabe Bordeaux\",\"description\":\"\",\"publisher\":{\"@id\":\"https:\\\/\\\/languearabebordeaux.fr\\\/#organization\"},\"potentialAction\":[{\"@type\":\"SearchAction\",\"target\":{\"@type\":\"EntryPoint\",\"urlTemplate\":\"https:\\\/\\\/languearabebordeaux.fr\\\/?s={search_term_string}\"},\"query-input\":{\"@type\":\"PropertyValueSpecification\",\"valueRequired\":true,\"valueName\":\"search_term_string\"}}],\"inLanguage\":\"en-GB\"},{\"@type\":\"Organization\",\"@id\":\"https:\\\/\\\/languearabebordeaux.fr\\\/#organization\",\"name\":\"Langue Arabe Bordeaux\",\"url\":\"https:\\\/\\\/languearabebordeaux.fr\\\/\",\"logo\":{\"@type\":\"ImageObject\",\"inLanguage\":\"en-GB\",\"@id\":\"https:\\\/\\\/languearabebordeaux.fr\\\/#\\\/schema\\\/logo\\\/image\\\/\",\"url\":\"https:\\\/\\\/languearabebordeaux.fr\\\/wp-content\\\/uploads\\\/2024\\\/09\\\/logo-avec-fond-blanc-langue-arabe-bordeaux.png\",\"contentUrl\":\"https:\\\/\\\/languearabebordeaux.fr\\\/wp-content\\\/uploads\\\/2024\\\/09\\\/logo-avec-fond-blanc-langue-arabe-bordeaux.png\",\"width\":247,\"height\":247,\"caption\":\"Langue Arabe Bordeaux\"},\"image\":{\"@id\":\"https:\\\/\\\/languearabebordeaux.fr\\\/#\\\/schema\\\/logo\\\/image\\\/\"}}]}<\/script>\n<!-- \/ Yoast SEO plugin. -->","yoast_head_json":{"title":"Legal Notices - Arabic Language Bordeaux","robots":{"index":"noindex","follow":"follow"},"og_locale":"en_GB","og_type":"article","og_title":"Mentions L\u00e9gales - Langue Arabe Bordeaux","og_description":"1. Pr\u00e9sentation du site Le site languearabebordeaux.fr est une plateforme d\u00e9di\u00e9e \u00e0 l&rsquo;apprentissage de la langue arabe et aux services de traduction. Il est \u00e9dit\u00e9 par Langue Arabe Bordeaux. 2. \u00c9diteur et responsable de la publication Langue Arabe Bordeaux4 Rue des Douves, 33800 Bordeaux 3. H\u00e9bergement Le site languearabebordeaux.fr est h\u00e9berg\u00e9 par : IONOS SARL7...","og_url":"https:\/\/languearabebordeaux.fr\/en\/legal-notices\/","og_site_name":"Langue Arabe Bordeaux","article_modified_time":"2024-07-31T09:46:08+00:00","og_image":[{"width":2560,"height":1920,"url":"https:\/\/languearabebordeaux.fr\/wp-content\/uploads\/2024\/07\/gold-quill-pen-372748-scaled.jpg","type":"image\/jpeg"}],"twitter_card":"summary_large_image","twitter_misc":{"Estimated reading time":"2 minutes"},"schema":{"@context":"https:\/\/schema.org","@graph":[{"@type":"WebPage","@id":"https:\/\/languearabebordeaux.fr\/mentions-legales\/","url":"https:\/\/languearabebordeaux.fr\/mentions-legales\/","name":"Legal Notices - Arabic Language Bordeaux","isPartOf":{"@id":"https:\/\/languearabebordeaux.fr\/#website"},"primaryImageOfPage":{"@id":"https:\/\/languearabebordeaux.fr\/mentions-legales\/#primaryimage"},"image":{"@id":"https:\/\/languearabebordeaux.fr\/mentions-legales\/#primaryimage"},"thumbnailUrl":"https:\/\/languearabebordeaux.fr\/wp-content\/uploads\/2024\/07\/gold-quill-pen-372748-scaled.jpg","datePublished":"2024-07-31T09:09:08+00:00","dateModified":"2024-07-31T09:46:08+00:00","breadcrumb":{"@id":"https:\/\/languearabebordeaux.fr\/mentions-legales\/#breadcrumb"},"inLanguage":"en-GB","potentialAction":[{"@type":"ReadAction","target":["https:\/\/languearabebordeaux.fr\/mentions-legales\/"]}]},{"@type":"ImageObject","inLanguage":"en-GB","@id":"https:\/\/languearabebordeaux.fr\/mentions-legales\/#primaryimage","url":"https:\/\/languearabebordeaux.fr\/wp-content\/uploads\/2024\/07\/gold-quill-pen-372748-scaled.jpg","contentUrl":"https:\/\/languearabebordeaux.fr\/wp-content\/uploads\/2024\/07\/gold-quill-pen-372748-scaled.jpg","width":2560,"height":1920,"caption":"Gold Quill Pen"},{"@type":"BreadcrumbList","@id":"https:\/\/languearabebordeaux.fr\/mentions-legales\/#breadcrumb","itemListElement":[{"@type":"ListItem","position":1,"name":"Accueil","item":"https:\/\/languearabebordeaux.fr\/"},{"@type":"ListItem","position":2,"name":"Mentions L\u00e9gales"}]},{"@type":"WebSite","@id":"https:\/\/languearabebordeaux.fr\/#website","url":"https:\/\/languearabebordeaux.fr\/","name":"Langue Arabe Bordeaux","description":"","publisher":{"@id":"https:\/\/languearabebordeaux.fr\/#organization"},"potentialAction":[{"@type":"SearchAction","target":{"@type":"EntryPoint","urlTemplate":"https:\/\/languearabebordeaux.fr\/?s={search_term_string}"},"query-input":{"@type":"PropertyValueSpecification","valueRequired":true,"valueName":"search_term_string"}}],"inLanguage":"en-GB"},{"@type":"Organization","@id":"https:\/\/languearabebordeaux.fr\/#organization","name":"Langue Arabe Bordeaux","url":"https:\/\/languearabebordeaux.fr\/","logo":{"@type":"ImageObject","inLanguage":"en-GB","@id":"https:\/\/languearabebordeaux.fr\/#\/schema\/logo\/image\/","url":"https:\/\/languearabebordeaux.fr\/wp-content\/uploads\/2024\/09\/logo-avec-fond-blanc-langue-arabe-bordeaux.png","contentUrl":"https:\/\/languearabebordeaux.fr\/wp-content\/uploads\/2024\/09\/logo-avec-fond-blanc-langue-arabe-bordeaux.png","width":247,"height":247,"caption":"Langue Arabe Bordeaux"},"image":{"@id":"https:\/\/languearabebordeaux.fr\/#\/schema\/logo\/image\/"}}]}},"taxonomy_info":[],"featured_image_src_large":["https:\/\/languearabebordeaux.fr\/wp-content\/uploads\/2024\/07\/gold-quill-pen-372748-1024x768.jpg",1024,768,true],"author_info":{"display_name":"Langue Arabe Bordeaux","author_link":"https:\/\/languearabebordeaux.fr\/en\/author\/baptiste-pages\/"},"comment_info":0,"_links":{"self":[{"href":"https:\/\/languearabebordeaux.fr\/en\/wp-json\/wp\/v2\/pages\/1831","targetHints":{"allow":["GET"]}}],"collection":[{"href":"https:\/\/languearabebordeaux.fr\/en\/wp-json\/wp\/v2\/pages"}],"about":[{"href":"https:\/\/languearabebordeaux.fr\/en\/wp-json\/wp\/v2\/types\/page"}],"author":[{"embeddable":true,"href":"https:\/\/languearabebordeaux.fr\/en\/wp-json\/wp\/v2\/users\/1"}],"replies":[{"embeddable":true,"href":"https:\/\/languearabebordeaux.fr\/en\/wp-json\/wp\/v2\/comments?post=1831"}],"version-history":[{"count":2,"href":"https:\/\/languearabebordeaux.fr\/en\/wp-json\/wp\/v2\/pages\/1831\/revisions"}],"predecessor-version":[{"id":1834,"href":"https:\/\/languearabebordeaux.fr\/en\/wp-json\/wp\/v2\/pages\/1831\/revisions\/1834"}],"wp:featuredmedia":[{"embeddable":true,"href":"https:\/\/languearabebordeaux.fr\/en\/wp-json\/wp\/v2\/media\/1722"}],"wp:attachment":[{"href":"https:\/\/languearabebordeaux.fr\/en\/wp-json\/wp\/v2\/media?parent=1831"}],"curies":[{"name":"wp","href":"https:\/\/api.w.org\/{rel}","templated":true}]}}