{"id":1473,"date":"2024-07-18T12:58:46","date_gmt":"2024-07-18T10:58:46","guid":{"rendered":"https:\/\/demo.baptistepages.com\/?page_id=1473"},"modified":"2025-10-06T00:51:06","modified_gmt":"2025-10-05T22:51:06","slug":"horaires-tarifs","status":"publish","type":"page","link":"https:\/\/languearabebordeaux.fr\/en\/timetables-prices\/","title":{"rendered":"Schedules &amp; Prices"},"content":{"rendered":"<style>.kb-row-layout-id1473_b5a23a-bb > .kt-row-column-wrap{align-content:start;}:where(.kb-row-layout-id1473_b5a23a-bb > .kt-row-column-wrap) > .wp-block-kadence-column{justify-content:start;}.kb-row-layout-id1473_b5a23a-bb > .kt-row-column-wrap{column-gap:20px;row-gap:var(--global-kb-gap-md, 2rem);max-width:var( --global-content-width, 1290px );padding-left:var(--global-content-edge-padding);padding-right:var(--global-content-edge-padding);padding-top:100px;padding-right:20px;padding-bottom:70px;padding-left:20px;grid-template-columns:minmax(0, calc(59.6% - ((20px * 1 )\/2)))minmax(0, calc(40.4% - ((20px * 1 )\/2)));}.kb-row-layout-id1473_b5a23a-bb{background-image:url('https:\/\/languearabebordeaux.fr\/wp-content\/uploads\/2024\/07\/caligraphie-arabe-5.jpeg');background-size:cover;background-position:52% 48%;background-attachment:scroll;background-repeat:no-repeat;}.kb-row-layout-id1473_b5a23a-bb > .kt-row-layout-overlay{opacity:1;background-color:rgba(33, 32, 31, 0.9);mix-blend-mode:normal;}@media all and (max-width: 1024px){.kb-row-layout-id1473_b5a23a-bb > .kt-row-column-wrap{padding-top:80px;padding-right:140px;padding-bottom:60px;padding-left:140px;grid-template-columns:minmax(0, 1fr);}}@media all and (max-width: 767px){.kb-row-layout-id1473_b5a23a-bb > .kt-row-column-wrap{padding-top:60px;padding-right:20px;padding-bottom:40px;padding-left:20px;grid-template-columns:minmax(0, 1fr);}}<\/style><div class=\"kb-row-layout-wrap kb-row-layout-id1473_b5a23a-bb alignnone kt-row-has-bg wp-block-kadence-rowlayout\"><div class=\"kt-row-layout-overlay kt-row-overlay-normal\"><\/div><div class=\"kt-row-column-wrap kt-has-2-columns kt-row-layout-left-golden kt-tab-layout-row kt-mobile-layout-row kt-row-valign-top kb-theme-content-width\">\n<style>.kadence-column1473_c67699-c4 > .kt-inside-inner-col{display:flex;}.kadence-column1473_c67699-c4 > .kt-inside-inner-col{padding-top:0px;padding-right:0px;padding-left:0px;}.kadence-column1473_c67699-c4 > .kt-inside-inner-col,.kadence-column1473_c67699-c4 > .kt-inside-inner-col:before{border-top-left-radius:0px;border-top-right-radius:0px;border-bottom-right-radius:0px;border-bottom-left-radius:0px;}.kadence-column1473_c67699-c4 > .kt-inside-inner-col{column-gap:var(--global-kb-gap-sm, 1rem);}.kadence-column1473_c67699-c4 > .kt-inside-inner-col{flex-direction:column;justify-content:flex-start;}.kadence-column1473_c67699-c4 > .kt-inside-inner-col > .aligncenter{width:100%;}.kt-row-column-wrap > .kadence-column1473_c67699-c4{align-self:flex-start;}.kt-inner-column-height-full:not(.kt-has-1-columns) > .wp-block-kadence-column.kadence-column1473_c67699-c4{align-self:auto;}.kt-inner-column-height-full:not(.kt-has-1-columns) > .wp-block-kadence-column.kadence-column1473_c67699-c4 > .kt-inside-inner-col{flex-direction:column;justify-content:flex-start;}.kadence-column1473_c67699-c4 > .kt-inside-inner-col:before{opacity:0.3;}.kadence-column1473_c67699-c4{position:relative;}.kadence-column1473_c67699-c4, .kt-inside-inner-col > .kadence-column1473_c67699-c4:not(.specificity){margin-top:80px;margin-right:60px;}@media all and (max-width: 1024px){.kadence-column1473_c67699-c4 > .kt-inside-inner-col{padding-top:0px;padding-right:0px;padding-bottom:0px;padding-left:0px;flex-direction:column;justify-content:flex-start;}}@media all and (max-width: 1024px){.kt-row-column-wrap > .kadence-column1473_c67699-c4{align-self:flex-start;}}@media all and (max-width: 1024px){.kt-inner-column-height-full:not(.kt-has-1-columns) > .wp-block-kadence-column.kadence-column1473_c67699-c4{align-self:auto;}}@media all and (max-width: 1024px){.kt-inner-column-height-full:not(.kt-has-1-columns) > .wp-block-kadence-column.kadence-column1473_c67699-c4 > .kt-inside-inner-col{flex-direction:column;justify-content:flex-start;}}@media all and (max-width: 1024px){.kadence-column1473_c67699-c4, .kt-inside-inner-col > .kadence-column1473_c67699-c4:not(.specificity){margin-right:0px;margin-left:0px;}}@media all and (max-width: 767px){.kadence-column1473_c67699-c4 > .kt-inside-inner-col{padding-right:0px;padding-left:0px;flex-direction:column;justify-content:flex-start;}.kt-row-column-wrap > .kadence-column1473_c67699-c4{align-self:flex-start;}.kt-inner-column-height-full:not(.kt-has-1-columns) > .wp-block-kadence-column.kadence-column1473_c67699-c4{align-self:auto;}.kt-inner-column-height-full:not(.kt-has-1-columns) > .wp-block-kadence-column.kadence-column1473_c67699-c4 > .kt-inside-inner-col{flex-direction:column;justify-content:flex-start;}.kadence-column1473_c67699-c4, .kt-inside-inner-col > .kadence-column1473_c67699-c4:not(.specificity){margin-right:0px;margin-left:0px;}}<\/style>\n<div class=\"wp-block-kadence-column kadence-column1473_c67699-c4 inner-column-1\"><div class=\"kt-inside-inner-col\"><style>.wp-block-kadence-advancedheading.kt-adv-heading1473_eead96-33, .wp-block-kadence-advancedheading.kt-adv-heading1473_eead96-33[data-kb-block=\"kb-adv-heading1473_eead96-33\"]{padding-top:0px;padding-bottom:0px;margin-top:10px;margin-bottom:15px;font-size:60px;line-height:70px;font-style:normal;color:#ffffff;}.wp-block-kadence-advancedheading.kt-adv-heading1473_eead96-33 mark.kt-highlight, .wp-block-kadence-advancedheading.kt-adv-heading1473_eead96-33[data-kb-block=\"kb-adv-heading1473_eead96-33\"] mark.kt-highlight{font-style:normal;color:#f76a0c;-webkit-box-decoration-break:clone;box-decoration-break:clone;padding-top:0px;padding-right:0px;padding-bottom:0px;padding-left:0px;}.wp-block-kadence-advancedheading.kt-adv-heading1473_eead96-33 img.kb-inline-image, .wp-block-kadence-advancedheading.kt-adv-heading1473_eead96-33[data-kb-block=\"kb-adv-heading1473_eead96-33\"] img.kb-inline-image{width:150px;vertical-align:baseline;}@media all and (max-width: 1024px){.wp-block-kadence-advancedheading.kt-adv-heading1473_eead96-33, .wp-block-kadence-advancedheading.kt-adv-heading1473_eead96-33[data-kb-block=\"kb-adv-heading1473_eead96-33\"]{padding-right:0px;padding-left:0px;margin-right:0px;margin-left:0px;font-size:60px;line-height:68px;text-align:center!important;}}@media all and (max-width: 767px){.wp-block-kadence-advancedheading.kt-adv-heading1473_eead96-33, .wp-block-kadence-advancedheading.kt-adv-heading1473_eead96-33[data-kb-block=\"kb-adv-heading1473_eead96-33\"]{padding-top:0px;padding-right:0px;padding-bottom:0px;padding-left:0px;margin-bottom:30px;font-size:50px;line-height:50px;text-align:center!important;}}<\/style>\n<h1 class=\"kt-adv-heading1473_eead96-33 wp-block-kadence-advancedheading\" data-kb-block=\"kb-adv-heading1473_eead96-33\">Horaires et tarifs de nos cours d&rsquo;Arabe \u00e0 Bordeaux<\/h1>\n\n\n\n<p class=\"has-theme-palette-9-color has-text-color has-link-color wp-elements-eebc4e3ed01a75ab7d0cd02cb570ad1a\">Pour chaque niveau le tarif par trimestre est de 140\u20ac (7\u20ac de l&rsquo;heure). <br>Pour les enfants, 130\u20ac par trimestre.<\/p>\n<\/div><\/div>\n\n\n<style>.kadence-column1473_459014-be > .kt-inside-inner-col{display:flex;}.kadence-column1473_459014-be > .kt-inside-inner-col{padding-top:0px;padding-right:0px;padding-bottom:0px;padding-left:0px;}.kadence-column1473_459014-be > .kt-inside-inner-col,.kadence-column1473_459014-be > .kt-inside-inner-col:before{border-top-left-radius:0px;border-top-right-radius:0px;border-bottom-right-radius:0px;border-bottom-left-radius:0px;}.kadence-column1473_459014-be > .kt-inside-inner-col{column-gap:var(--global-kb-gap-sm, 1rem);}.kadence-column1473_459014-be > .kt-inside-inner-col{flex-direction:column;justify-content:center;}.kadence-column1473_459014-be > .kt-inside-inner-col > .aligncenter{width:100%;}.kt-row-column-wrap > .kadence-column1473_459014-be{align-self:center;}.kt-inner-column-height-full:not(.kt-has-1-columns) > .wp-block-kadence-column.kadence-column1473_459014-be{align-self:auto;}.kt-inner-column-height-full:not(.kt-has-1-columns) > .wp-block-kadence-column.kadence-column1473_459014-be > .kt-inside-inner-col{flex-direction:column;justify-content:center;}.kadence-column1473_459014-be > .kt-inside-inner-col:before{opacity:0.3;}.kadence-column1473_459014-be{position:relative;}.kadence-column1473_459014-be, .kt-inside-inner-col > .kadence-column1473_459014-be:not(.specificity){margin-top:0px;margin-right:0px;margin-bottom:0px;margin-left:0px;}@media all and (max-width: 1024px){.kt-row-column-wrap > .kadence-column1473_459014-be{align-self:center;}}@media all and (max-width: 1024px){.kt-inner-column-height-full:not(.kt-has-1-columns) > .wp-block-kadence-column.kadence-column1473_459014-be{align-self:auto;}}@media all and (max-width: 1024px){.kt-inner-column-height-full:not(.kt-has-1-columns) > .wp-block-kadence-column.kadence-column1473_459014-be > .kt-inside-inner-col{flex-direction:column;justify-content:center;}}@media all and (max-width: 1024px){.kadence-column1473_459014-be > .kt-inside-inner-col{flex-direction:column;justify-content:center;}}@media all and (max-width: 1024px){.kadence-column1473_459014-be, .kt-inside-inner-col > .kadence-column1473_459014-be:not(.specificity){margin-right:0px;margin-left:0px;}}@media all and (max-width: 767px){.kadence-column1473_459014-be > .kt-inside-inner-col{padding-top:20px;padding-right:0px;padding-bottom:20px;padding-left:0px;flex-direction:column;justify-content:center;}.kt-row-column-wrap > .kadence-column1473_459014-be{align-self:center;}.kt-inner-column-height-full:not(.kt-has-1-columns) > .wp-block-kadence-column.kadence-column1473_459014-be{align-self:auto;}.kt-inner-column-height-full:not(.kt-has-1-columns) > .wp-block-kadence-column.kadence-column1473_459014-be > .kt-inside-inner-col{flex-direction:column;justify-content:center;}.kadence-column1473_459014-be, .kt-inside-inner-col > .kadence-column1473_459014-be:not(.specificity){margin-top:0px;margin-right:0px;margin-bottom:0px;margin-left:0px;}}<\/style>\n<div class=\"wp-block-kadence-column kadence-column1473_459014-be inner-column-2\"><div class=\"kt-inside-inner-col\"><\/div><\/div>\n\n<\/div><\/div>\n\n\n<div class=\"wp-block-group\"><div class=\"wp-block-group__inner-container is-layout-constrained wp-block-group-is-layout-constrained\">\n<section class=\"wp-block-group\"><div class=\"wp-block-group__inner-container is-layout-constrained wp-block-group-is-layout-constrained\">\n<div class=\"wp-block-columns are-vertically-aligned-top is-layout-flex wp-container-core-columns-is-layout-9d6595d7 wp-block-columns-is-layout-flex\">\n<div class=\"wp-block-column is-vertically-aligned-top is-layout-flow wp-block-column-is-layout-flow\">\n<h2 class=\"wp-block-heading\">Lundi<\/h2>\n\n\n\n<p> <mark style=\"background-color:rgba(0, 0, 0, 0);color:#0089dc\" class=\"has-inline-color\"><strong>09h00 \u00e0 10h30 <\/strong>: Cours <strong>D\u00c9BUTANT<\/strong><\/mark> <\/p>\n\n\n\n<p><mark style=\"background-color:rgba(0, 0, 0, 0);color:#37580d\" class=\"has-inline-color\"><strong>14h00 \u00e0 15h30 <\/strong>: Cours <strong>INTERM\u00c9DIAIRE B<\/strong><\/mark> <\/p>\n\n\n\n<p><mark style=\"background-color:rgba(0, 0, 0, 0);color:#b60a02\" class=\"has-inline-color\"><strong>15h45 \u00e0 17h15<\/strong> : Conversation<\/mark><\/p>\n\n\n\n<p><mark style=\"background-color:rgba(0, 0, 0, 0);color:#0089dc\" class=\"has-inline-color\"><strong>19h00\u00e0 20h<\/strong>30 :  <strong>D\u00c9BUTANT<\/strong><\/mark> (Partenaire)<\/p>\n<\/div>\n\n\n\n<div class=\"wp-block-column is-vertically-aligned-top is-layout-flow wp-block-column-is-layout-flow\">\n<h2 class=\"wp-block-heading\">Mardi<\/h2>\n\n\n\n<p><mark style=\"background-color:rgba(0, 0, 0, 0);color:#0089dc\" class=\"has-inline-color\"><strong>18h30 \u00e0 20h<\/strong> : Cours <strong>D\u00c9BUTANT<\/strong><\/mark><\/p>\n\n\n\n<p><mark style=\"background-color:rgba(0, 0, 0, 0);color:#000000\" class=\"has-inline-color\"><br><\/mark><mark style=\"background-color:rgba(0, 0, 0, 0)\" class=\"has-inline-color has-theme-palette-1-color\"><strong>20h00 \u00e0 21h30<\/strong> : Cours <strong>AVANC\u00c9<\/strong><\/mark><\/p>\n<\/div>\n\n\n\n<div class=\"wp-block-column is-vertically-aligned-top is-layout-flow wp-block-column-is-layout-flow\">\n<h2 class=\"wp-block-heading\">Mercredi<\/h2>\n\n\n\n<p><mark style=\"background-color:rgba(0, 0, 0, 0);color:#6db212\" class=\"has-inline-color\"><strong>18h30 \u00e0 20h00 <\/strong>: Cours <strong>INTERM\u00c9DIAIRE A<\/strong><\/mark><\/p>\n\n\n\n<p><mark style=\"background-color:rgba(0, 0, 0, 0);color:#37580d\" class=\"has-inline-color\"><strong>20h00 \u00e0 21h30<\/strong> : Cours <strong>INTERM\u00c9DIAIRE B<\/strong><\/mark><\/p>\n<\/div>\n\n\n\n<div class=\"wp-block-column is-vertically-aligned-top is-layout-flow wp-block-column-is-layout-flow\">\n<h2 class=\"wp-block-heading\">Samedi<\/h2>\n\n\n\n<p><mark style=\"background-color:rgba(0, 0, 0, 0);color:#e111d1\" class=\"has-inline-color\"><strong>10h00 \u00e0 12h00 <\/strong>: Cours <strong>ENFANTS<\/strong><\/mark><\/p>\n<\/div>\n<\/div>\n<\/div><\/section>\n<\/div><\/div>\n\n\n\n<p><\/p>\n","protected":false},"excerpt":{"rendered":"<p>Horaires et tarifs de nos cours d&rsquo;Arabe \u00e0 Bordeaux Pour chaque niveau le tarif par trimestre est de 140\u20ac (7\u20ac de l&rsquo;heure). Pour les enfants, 130\u20ac par trimestre. Lundi 09h00 \u00e0 10h30 : Cours D\u00c9BUTANT 14h00 \u00e0 15h30 : Cours INTERM\u00c9DIAIRE B 15h45 \u00e0 17h15 : Conversation 19h00\u00e0 20h30 : D\u00c9BUTANT (Partenaire) Mardi 18h30 \u00e0&#8230;<\/p>","protected":false},"author":1,"featured_media":0,"parent":0,"menu_order":3,"comment_status":"closed","ping_status":"closed","template":"","meta":{"_kad_blocks_custom_css":"","_kad_blocks_head_custom_js":"","_kad_blocks_body_custom_js":"","_kad_blocks_footer_custom_js":"","_kadence_starter_templates_imported_post":false,"_kad_post_transparent":"","_kad_post_title":"default","_kad_post_layout":"","_kad_post_sidebar_id":"","_kad_post_content_style":"","_kad_post_vertical_padding":"","_kad_post_feature":"","_kad_post_feature_position":"","_kad_post_header":false,"_kad_post_footer":false,"_kad_post_classname":"","footnotes":""},"class_list":["post-1473","page","type-page","status-publish","hentry"],"yoast_head":"<!-- This site is optimized with the Yoast SEO plugin v27.4 - https:\/\/yoast.com\/product\/yoast-seo-wordpress\/ -->\n<title>Horaires &amp; Tarifs - Langue Arabe Bordeaux<\/title>\n<meta name=\"robots\" content=\"index, follow, max-snippet:-1, max-image-preview:large, max-video-preview:-1\" \/>\n<link rel=\"canonical\" href=\"https:\/\/languearabebordeaux.fr\/en\/timetables-prices\/\" \/>\n<meta property=\"og:locale\" content=\"en_GB\" \/>\n<meta property=\"og:type\" content=\"article\" \/>\n<meta property=\"og:title\" content=\"Horaires &amp; Tarifs - Langue Arabe Bordeaux\" \/>\n<meta property=\"og:description\" content=\"Horaires et tarifs de nos cours d&rsquo;Arabe \u00e0 Bordeaux Pour chaque niveau le tarif par trimestre est de 140\u20ac (7\u20ac de l&rsquo;heure). Pour les enfants, 130\u20ac par trimestre. Lundi 09h00 \u00e0 10h30 : Cours D\u00c9BUTANT 14h00 \u00e0 15h30 : Cours INTERM\u00c9DIAIRE B 15h45 \u00e0 17h15 : Conversation 19h00\u00e0 20h30 : D\u00c9BUTANT (Partenaire) Mardi 18h30 \u00e0...\" \/>\n<meta property=\"og:url\" content=\"https:\/\/languearabebordeaux.fr\/en\/timetables-prices\/\" \/>\n<meta property=\"og:site_name\" content=\"Langue Arabe Bordeaux\" \/>\n<meta property=\"article:modified_time\" content=\"2025-10-05T22:51:06+00:00\" \/>\n<meta property=\"og:image\" content=\"https:\/\/languearabebordeaux.fr\/wp-content\/uploads\/2024\/07\/image.png\" \/>\n\t<meta property=\"og:image:width\" content=\"582\" \/>\n\t<meta property=\"og:image:height\" content=\"474\" \/>\n\t<meta property=\"og:image:type\" content=\"image\/png\" \/>\n<meta name=\"twitter:card\" content=\"summary_large_image\" \/>\n<meta name=\"twitter:label1\" content=\"Estimated reading time\" \/>\n\t<meta name=\"twitter:data1\" content=\"1 minute\" \/>\n<script type=\"application\/ld+json\" class=\"yoast-schema-graph\">{\"@context\":\"https:\\\/\\\/schema.org\",\"@graph\":[{\"@type\":\"WebPage\",\"@id\":\"https:\\\/\\\/languearabebordeaux.fr\\\/horaires-tarifs\\\/\",\"url\":\"https:\\\/\\\/languearabebordeaux.fr\\\/horaires-tarifs\\\/\",\"name\":\"Horaires &amp; Tarifs - Langue Arabe Bordeaux\",\"isPartOf\":{\"@id\":\"https:\\\/\\\/languearabebordeaux.fr\\\/#website\"},\"datePublished\":\"2024-07-18T10:58:46+00:00\",\"dateModified\":\"2025-10-05T22:51:06+00:00\",\"breadcrumb\":{\"@id\":\"https:\\\/\\\/languearabebordeaux.fr\\\/horaires-tarifs\\\/#breadcrumb\"},\"inLanguage\":\"en-GB\",\"potentialAction\":[{\"@type\":\"ReadAction\",\"target\":[\"https:\\\/\\\/languearabebordeaux.fr\\\/horaires-tarifs\\\/\"]}]},{\"@type\":\"BreadcrumbList\",\"@id\":\"https:\\\/\\\/languearabebordeaux.fr\\\/horaires-tarifs\\\/#breadcrumb\",\"itemListElement\":[{\"@type\":\"ListItem\",\"position\":1,\"name\":\"Accueil\",\"item\":\"https:\\\/\\\/languearabebordeaux.fr\\\/\"},{\"@type\":\"ListItem\",\"position\":2,\"name\":\"Horaires &amp; Tarifs\"}]},{\"@type\":\"WebSite\",\"@id\":\"https:\\\/\\\/languearabebordeaux.fr\\\/#website\",\"url\":\"https:\\\/\\\/languearabebordeaux.fr\\\/\",\"name\":\"Langue Arabe Bordeaux\",\"description\":\"\",\"publisher\":{\"@id\":\"https:\\\/\\\/languearabebordeaux.fr\\\/#organization\"},\"potentialAction\":[{\"@type\":\"SearchAction\",\"target\":{\"@type\":\"EntryPoint\",\"urlTemplate\":\"https:\\\/\\\/languearabebordeaux.fr\\\/?s={search_term_string}\"},\"query-input\":{\"@type\":\"PropertyValueSpecification\",\"valueRequired\":true,\"valueName\":\"search_term_string\"}}],\"inLanguage\":\"en-GB\"},{\"@type\":\"Organization\",\"@id\":\"https:\\\/\\\/languearabebordeaux.fr\\\/#organization\",\"name\":\"Langue Arabe Bordeaux\",\"url\":\"https:\\\/\\\/languearabebordeaux.fr\\\/\",\"logo\":{\"@type\":\"ImageObject\",\"inLanguage\":\"en-GB\",\"@id\":\"https:\\\/\\\/languearabebordeaux.fr\\\/#\\\/schema\\\/logo\\\/image\\\/\",\"url\":\"https:\\\/\\\/languearabebordeaux.fr\\\/wp-content\\\/uploads\\\/2024\\\/09\\\/logo-avec-fond-blanc-langue-arabe-bordeaux.png\",\"contentUrl\":\"https:\\\/\\\/languearabebordeaux.fr\\\/wp-content\\\/uploads\\\/2024\\\/09\\\/logo-avec-fond-blanc-langue-arabe-bordeaux.png\",\"width\":247,\"height\":247,\"caption\":\"Langue Arabe Bordeaux\"},\"image\":{\"@id\":\"https:\\\/\\\/languearabebordeaux.fr\\\/#\\\/schema\\\/logo\\\/image\\\/\"}}]}<\/script>\n<!-- \/ Yoast SEO plugin. -->","yoast_head_json":{"title":"Schedules &amp; Prices - Arabic Language Bordeaux","robots":{"index":"index","follow":"follow","max-snippet":"max-snippet:-1","max-image-preview":"max-image-preview:large","max-video-preview":"max-video-preview:-1"},"canonical":"https:\/\/languearabebordeaux.fr\/en\/timetables-prices\/","og_locale":"en_GB","og_type":"article","og_title":"Horaires &amp; Tarifs - Langue Arabe Bordeaux","og_description":"Horaires et tarifs de nos cours d&rsquo;Arabe \u00e0 Bordeaux Pour chaque niveau le tarif par trimestre est de 140\u20ac (7\u20ac de l&rsquo;heure). Pour les enfants, 130\u20ac par trimestre. Lundi 09h00 \u00e0 10h30 : Cours D\u00c9BUTANT 14h00 \u00e0 15h30 : Cours INTERM\u00c9DIAIRE B 15h45 \u00e0 17h15 : Conversation 19h00\u00e0 20h30 : D\u00c9BUTANT (Partenaire) Mardi 18h30 \u00e0...","og_url":"https:\/\/languearabebordeaux.fr\/en\/timetables-prices\/","og_site_name":"Langue Arabe Bordeaux","article_modified_time":"2025-10-05T22:51:06+00:00","og_image":[{"width":582,"height":474,"url":"https:\/\/languearabebordeaux.fr\/wp-content\/uploads\/2024\/07\/image.png","type":"image\/png"}],"twitter_card":"summary_large_image","twitter_misc":{"Estimated reading time":"1 minute"},"schema":{"@context":"https:\/\/schema.org","@graph":[{"@type":"WebPage","@id":"https:\/\/languearabebordeaux.fr\/horaires-tarifs\/","url":"https:\/\/languearabebordeaux.fr\/horaires-tarifs\/","name":"Schedules &amp; Prices - Arabic Language Bordeaux","isPartOf":{"@id":"https:\/\/languearabebordeaux.fr\/#website"},"datePublished":"2024-07-18T10:58:46+00:00","dateModified":"2025-10-05T22:51:06+00:00","breadcrumb":{"@id":"https:\/\/languearabebordeaux.fr\/horaires-tarifs\/#breadcrumb"},"inLanguage":"en-GB","potentialAction":[{"@type":"ReadAction","target":["https:\/\/languearabebordeaux.fr\/horaires-tarifs\/"]}]},{"@type":"BreadcrumbList","@id":"https:\/\/languearabebordeaux.fr\/horaires-tarifs\/#breadcrumb","itemListElement":[{"@type":"ListItem","position":1,"name":"Accueil","item":"https:\/\/languearabebordeaux.fr\/"},{"@type":"ListItem","position":2,"name":"Horaires &amp; Tarifs"}]},{"@type":"WebSite","@id":"https:\/\/languearabebordeaux.fr\/#website","url":"https:\/\/languearabebordeaux.fr\/","name":"Langue Arabe Bordeaux","description":"","publisher":{"@id":"https:\/\/languearabebordeaux.fr\/#organization"},"potentialAction":[{"@type":"SearchAction","target":{"@type":"EntryPoint","urlTemplate":"https:\/\/languearabebordeaux.fr\/?s={search_term_string}"},"query-input":{"@type":"PropertyValueSpecification","valueRequired":true,"valueName":"search_term_string"}}],"inLanguage":"en-GB"},{"@type":"Organization","@id":"https:\/\/languearabebordeaux.fr\/#organization","name":"Langue Arabe Bordeaux","url":"https:\/\/languearabebordeaux.fr\/","logo":{"@type":"ImageObject","inLanguage":"en-GB","@id":"https:\/\/languearabebordeaux.fr\/#\/schema\/logo\/image\/","url":"https:\/\/languearabebordeaux.fr\/wp-content\/uploads\/2024\/09\/logo-avec-fond-blanc-langue-arabe-bordeaux.png","contentUrl":"https:\/\/languearabebordeaux.fr\/wp-content\/uploads\/2024\/09\/logo-avec-fond-blanc-langue-arabe-bordeaux.png","width":247,"height":247,"caption":"Langue Arabe Bordeaux"},"image":{"@id":"https:\/\/languearabebordeaux.fr\/#\/schema\/logo\/image\/"}}]}},"taxonomy_info":[],"featured_image_src_large":false,"author_info":{"display_name":"Langue Arabe Bordeaux","author_link":"https:\/\/languearabebordeaux.fr\/en\/author\/baptiste-pages\/"},"comment_info":0,"_links":{"self":[{"href":"https:\/\/languearabebordeaux.fr\/en\/wp-json\/wp\/v2\/pages\/1473","targetHints":{"allow":["GET"]}}],"collection":[{"href":"https:\/\/languearabebordeaux.fr\/en\/wp-json\/wp\/v2\/pages"}],"about":[{"href":"https:\/\/languearabebordeaux.fr\/en\/wp-json\/wp\/v2\/types\/page"}],"author":[{"embeddable":true,"href":"https:\/\/languearabebordeaux.fr\/en\/wp-json\/wp\/v2\/users\/1"}],"replies":[{"embeddable":true,"href":"https:\/\/languearabebordeaux.fr\/en\/wp-json\/wp\/v2\/comments?post=1473"}],"version-history":[{"count":18,"href":"https:\/\/languearabebordeaux.fr\/en\/wp-json\/wp\/v2\/pages\/1473\/revisions"}],"predecessor-version":[{"id":1931,"href":"https:\/\/languearabebordeaux.fr\/en\/wp-json\/wp\/v2\/pages\/1473\/revisions\/1931"}],"wp:attachment":[{"href":"https:\/\/languearabebordeaux.fr\/en\/wp-json\/wp\/v2\/media?parent=1473"}],"curies":[{"name":"wp","href":"https:\/\/api.w.org\/{rel}","templated":true}]}}